{"id":8,"date":"2024-07-05T13:35:36","date_gmt":"2024-07-05T11:35:36","guid":{"rendered":"https:\/\/www.trezor-berus.si\/?page_id=8"},"modified":"2024-07-23T21:30:55","modified_gmt":"2024-07-23T19:30:55","slug":"domov","status":"publish","type":"page","link":"https:\/\/www.trezor-berus.si\/","title":{"rendered":"Domov"},"content":{"rendered":"<div class=\"fusion-fullwidth fullwidth-box fusion-builder-row-1 fusion-flex-container nonhundred-percent-fullwidth non-hundred-percent-height-scrolling\" style=\"--awb-border-radius-top-left:0px;--awb-border-radius-top-right:0px;--awb-border-radius-bottom-right:0px;--awb-border-radius-bottom-left:0px;--awb-padding-right:72px;--awb-padding-bottom:0%;--awb-padding-left:71px;--awb-padding-right-small:18px;--awb-padding-bottom-small:0px;--awb-padding-left-small:23px;--awb-margin-top-small:6px;--awb-margin-bottom-small:4px;--awb-flex-wrap:wrap;\" ><div class=\"fusion-builder-row fusion-row fusion-flex-align-items-flex-start fusion-flex-content-wrap\" style=\"max-width:1248px;margin-left: calc(-4% \/ 2 );margin-right: calc(-4% \/ 2 );\"><div class=\"fusion-layout-column fusion_builder_column fusion-builder-column-0 fusion_builder_column_1_2 1_2 fusion-flex-column fusion-animated\" style=\"--awb-padding-right:10%;--awb-padding-right-small:0px;--awb-padding-left-small:0px;--awb-bg-size:cover;--awb-width-large:50%;--awb-margin-top-large:0px;--awb-spacing-right-large:3.84%;--awb-margin-bottom-large:0px;--awb-spacing-left-large:3.84%;--awb-width-medium:50%;--awb-spacing-right-medium:3.84%;--awb-spacing-left-medium:3.84%;--awb-width-small:100%;--awb-spacing-right-small:6.336%;--awb-spacing-left-small:0%;\" data-animationType=\"fadeInUp\" data-animationDuration=\"1.0\" data-animationOffset=\"top-into-view\"><div class=\"fusion-column-wrapper fusion-column-has-shadow fusion-flex-justify-content-flex-start fusion-content-layout-column\"><div class=\"fusion-text fusion-text-1\" style=\"--awb-text-font-family:-apple-system, BlinkMacSystemFont, &#039;Segoe UI&#039;, Roboto, Oxygen-Sans, Ubuntu, Cantarell, &#039;Helvetica Neue&#039; ,sans-serif;--awb-text-font-style:normal;--awb-text-font-weight:400;\"><p>Dobrodo\u0161li v svetu varnosti in za\u0161\u010dite! Smo vodilno podjetje na podro\u010dju prodaje sefov, posve\u010deno zagotavljanju najvi\u0161je stopnje varnosti za va\u0161e dragocenosti. Od takrat naprej si prizadevamo, da bi vsakemu posamezniku in podjetju omogo\u010dili miren spanec, saj vemo, da so njihove dragocenosti na varnem.<\/p>\n<\/div><div class=\"fusion-title title fusion-title-1 fusion-sep-none fusion-title-text fusion-title-size-three\" style=\"--awb-margin-top:30px;--awb-margin-bottom:40px;--awb-font-size:50px;\"><h3 class=\"fusion-title-heading title-heading-left\" style=\"font-family:-apple-system, BlinkMacSystemFont, &#039;Segoe UI&#039;, Roboto, Oxygen-Sans, Ubuntu, Cantarell, &#039;Helvetica Neue&#039; ,sans-serif;font-style:normal;font-weight:700;margin:0;font-size:1em;line-height:1.2;\">Prodaja vseh vrst sefov, trezorjev<\/h3><\/div><div class=\"fusion-text fusion-text-2\"><\/div><\/div><\/div><div class=\"fusion-layout-column fusion_builder_column fusion-builder-column-1 fusion_builder_column_1_2 1_2 fusion-flex-column\" style=\"--awb-bg-size:cover;--awb-width-large:50%;--awb-margin-top-large:0px;--awb-spacing-right-large:3.84%;--awb-margin-bottom-large:20px;--awb-spacing-left-large:3.84%;--awb-width-medium:50%;--awb-order-medium:0;--awb-spacing-right-medium:3.84%;--awb-spacing-left-medium:3.84%;--awb-width-small:100%;--awb-order-small:0;--awb-spacing-right-small:1.92%;--awb-spacing-left-small:1.92%;\"><div class=\"fusion-column-wrapper fusion-column-has-shadow fusion-flex-justify-content-flex-start fusion-content-layout-column\"><div class=\"fusion-image-element \" style=\"--awb-caption-title-font-family:var(--h2_typography-font-family);--awb-caption-title-font-weight:var(--h2_typography-font-weight);--awb-caption-title-font-style:var(--h2_typography-font-style);--awb-caption-title-size:var(--h2_typography-font-size);--awb-caption-title-transform:var(--h2_typography-text-transform);--awb-caption-title-line-height:var(--h2_typography-line-height);--awb-caption-title-letter-spacing:var(--h2_typography-letter-spacing);\"><span class=\" fusion-imageframe imageframe-none imageframe-1 hover-type-none\"><img decoding=\"async\" width=\"1100\" height=\"1100\" title=\"BERUS-12\" src=\"https:\/\/www.trezor-berus.si\/wp-content\/uploads\/2024\/07\/BERUS-12.jpg\" alt class=\"img-responsive wp-image-50\" srcset=\"https:\/\/www.trezor-berus.si\/wp-content\/uploads\/2024\/07\/BERUS-12-200x200.jpg 200w, https:\/\/www.trezor-berus.si\/wp-content\/uploads\/2024\/07\/BERUS-12-400x400.jpg 400w, https:\/\/www.trezor-berus.si\/wp-content\/uploads\/2024\/07\/BERUS-12-600x600.jpg 600w, https:\/\/www.trezor-berus.si\/wp-content\/uploads\/2024\/07\/BERUS-12-800x800.jpg 800w, https:\/\/www.trezor-berus.si\/wp-content\/uploads\/2024\/07\/BERUS-12.jpg 1100w\" sizes=\"(max-width: 640px) 100vw, 600px\" \/><\/span><\/div><\/div><\/div><\/div><\/div>\n","protected":false},"excerpt":{"rendered":"","protected":false},"author":1,"featured_media":0,"parent":0,"menu_order":0,"comment_status":"closed","ping_status":"closed","template":"100-width.php","meta":{"footnotes":""},"class_list":["post-8","page","type-page","status-publish","hentry"],"yoast_head":"<!-- This site is optimized with the Yoast SEO plugin v23.0 - https:\/\/yoast.com\/wordpress\/plugins\/seo\/ -->\n<title>Domov - Terezor Berus<\/title>\n<meta name=\"robots\" content=\"index, follow, max-snippet:-1, max-image-preview:large, max-video-preview:-1\" \/>\n<link rel=\"canonical\" href=\"https:\/\/www.trezor-berus.si\/\" \/>\n<meta property=\"og:locale\" content=\"sl_SI\" \/>\n<meta property=\"og:type\" content=\"article\" \/>\n<meta property=\"og:title\" content=\"Domov - Terezor Berus\" \/>\n<meta property=\"og:url\" content=\"https:\/\/www.trezor-berus.si\/\" \/>\n<meta property=\"og:site_name\" content=\"Terezor Berus\" \/>\n<meta property=\"article:modified_time\" content=\"2024-07-23T19:30:55+00:00\" \/>\n<meta name=\"twitter:card\" content=\"summary_large_image\" \/>\n<meta name=\"twitter:label1\" content=\"Est. reading time\" \/>\n\t<meta name=\"twitter:data1\" content=\"2 minuti\" \/>\n<script type=\"application\/ld+json\" class=\"yoast-schema-graph\">{\"@context\":\"https:\/\/schema.org\",\"@graph\":[{\"@type\":\"WebPage\",\"@id\":\"https:\/\/www.trezor-berus.si\/\",\"url\":\"https:\/\/www.trezor-berus.si\/\",\"name\":\"Domov - Terezor Berus\",\"isPartOf\":{\"@id\":\"https:\/\/www.trezor-berus.si\/#website\"},\"datePublished\":\"2024-07-05T11:35:36+00:00\",\"dateModified\":\"2024-07-23T19:30:55+00:00\",\"breadcrumb\":{\"@id\":\"https:\/\/www.trezor-berus.si\/#breadcrumb\"},\"inLanguage\":\"sl-SI\",\"potentialAction\":[{\"@type\":\"ReadAction\",\"target\":[\"https:\/\/www.trezor-berus.si\/\"]}]},{\"@type\":\"BreadcrumbList\",\"@id\":\"https:\/\/www.trezor-berus.si\/#breadcrumb\",\"itemListElement\":[{\"@type\":\"ListItem\",\"position\":1,\"name\":\"Home\",\"item\":\"https:\/\/www.trezor-berus.si\/\"},{\"@type\":\"ListItem\",\"position\":2,\"name\":\"Domov\"}]},{\"@type\":\"WebSite\",\"@id\":\"https:\/\/www.trezor-berus.si\/#website\",\"url\":\"https:\/\/www.trezor-berus.si\/\",\"name\":\"Terezor Berus\",\"description\":\"Trezor Berus\",\"potentialAction\":[{\"@type\":\"SearchAction\",\"target\":{\"@type\":\"EntryPoint\",\"urlTemplate\":\"https:\/\/www.trezor-berus.si\/?s={search_term_string}\"},\"query-input\":\"required name=search_term_string\"}],\"inLanguage\":\"sl-SI\"}]}<\/script>\n<!-- \/ Yoast SEO plugin. -->","yoast_head_json":{"title":"Domov - Terezor Berus","robots":{"index":"index","follow":"follow","max-snippet":"max-snippet:-1","max-image-preview":"max-image-preview:large","max-video-preview":"max-video-preview:-1"},"canonical":"https:\/\/www.trezor-berus.si\/","og_locale":"sl_SI","og_type":"article","og_title":"Domov - Terezor Berus","og_url":"https:\/\/www.trezor-berus.si\/","og_site_name":"Terezor Berus","article_modified_time":"2024-07-23T19:30:55+00:00","twitter_card":"summary_large_image","twitter_misc":{"Est. reading time":"2 minuti"},"schema":{"@context":"https:\/\/schema.org","@graph":[{"@type":"WebPage","@id":"https:\/\/www.trezor-berus.si\/","url":"https:\/\/www.trezor-berus.si\/","name":"Domov - Terezor Berus","isPartOf":{"@id":"https:\/\/www.trezor-berus.si\/#website"},"datePublished":"2024-07-05T11:35:36+00:00","dateModified":"2024-07-23T19:30:55+00:00","breadcrumb":{"@id":"https:\/\/www.trezor-berus.si\/#breadcrumb"},"inLanguage":"sl-SI","potentialAction":[{"@type":"ReadAction","target":["https:\/\/www.trezor-berus.si\/"]}]},{"@type":"BreadcrumbList","@id":"https:\/\/www.trezor-berus.si\/#breadcrumb","itemListElement":[{"@type":"ListItem","position":1,"name":"Home","item":"https:\/\/www.trezor-berus.si\/"},{"@type":"ListItem","position":2,"name":"Domov"}]},{"@type":"WebSite","@id":"https:\/\/www.trezor-berus.si\/#website","url":"https:\/\/www.trezor-berus.si\/","name":"Terezor Berus","description":"Trezor Berus","potentialAction":[{"@type":"SearchAction","target":{"@type":"EntryPoint","urlTemplate":"https:\/\/www.trezor-berus.si\/?s={search_term_string}"},"query-input":"required name=search_term_string"}],"inLanguage":"sl-SI"}]}},"_links":{"self":[{"href":"https:\/\/www.trezor-berus.si\/index.php?rest_route=\/wp\/v2\/pages\/8","targetHints":{"allow":["GET"]}}],"collection":[{"href":"https:\/\/www.trezor-berus.si\/index.php?rest_route=\/wp\/v2\/pages"}],"about":[{"href":"https:\/\/www.trezor-berus.si\/index.php?rest_route=\/wp\/v2\/types\/page"}],"author":[{"embeddable":true,"href":"https:\/\/www.trezor-berus.si\/index.php?rest_route=\/wp\/v2\/users\/1"}],"replies":[{"embeddable":true,"href":"https:\/\/www.trezor-berus.si\/index.php?rest_route=%2Fwp%2Fv2%2Fcomments&post=8"}],"version-history":[{"count":31,"href":"https:\/\/www.trezor-berus.si\/index.php?rest_route=\/wp\/v2\/pages\/8\/revisions"}],"predecessor-version":[{"id":164,"href":"https:\/\/www.trezor-berus.si\/index.php?rest_route=\/wp\/v2\/pages\/8\/revisions\/164"}],"wp:attachment":[{"href":"https:\/\/www.trezor-berus.si\/index.php?rest_route=%2Fwp%2Fv2%2Fmedia&parent=8"}],"curies":[{"name":"wp","href":"https:\/\/api.w.org\/{rel}","templated":true}]}}